{"id":2,"date":"2011-08-23T11:01:28","date_gmt":"2011-08-23T11:01:28","guid":{"rendered":"http:\/\/wordpress.jochenbold.de\/?page_id=2"},"modified":"2017-04-02T11:17:52","modified_gmt":"2017-04-02T09:17:52","slug":"beispiel-seite","status":"publish","type":"page","link":"https:\/\/wordpress.jochenbold.de\/?page_id=2","title":{"rendered":"\u00dcber mich"},"content":{"rendered":"<p>Wer bin ich ?<a href=\"http:\/\/wordpress.jochenbold.de\/wp-content\/uploads\/2011\/08\/Kopie-von-G%C3%B6gingen_Schild.jpg\"><img decoding=\"async\" loading=\"lazy\" class=\"size-thumbnail wp-image-48 alignright\" style=\"border: 5px solid white;\" title=\"Ortsschild G\u00f6ggingen\" src=\"http:\/\/wordpress.jochenbold.de\/wp-content\/uploads\/2011\/08\/Kopie-von-G%C3%B6gingen_Schild-150x150.jpg\" alt=\"\" height=\"150\" width=\"150\"><\/a><\/p>\n<p>Mein Leben begann Ende Februar 1978 in&nbsp;der Frauenklink der sch\u00f6nen Stadt Ulm an der Donau. Nachdem ich dort meine erste beiden Lebensjahre verbracht hatte, zog ich mit meinen Eltern \u00fcber Sigmaringen zusammen mit meiner Schwester schlie\u00dflich nach G\u00f6ggingen.<\/p>\n<p>Dort verbrachte ich auch meine ersten vier Schuljahre, bis ich aufs <a title=\"Martin.Heidegger-Gymnasium\" href=\"http:\/\/www.mhg-messkirch.de\/\">Martin-Heidegger-Gymnasium<\/a> in Me\u00dfkirch wechseln durfte. Nach dem Abi 1997 und meiner Bundeswehrzeit in Sigmaringen begann ich 1998 an der Universit\u00e4t Ulm das Studium des brandneuen Studiengangs <a title=\"Wirtschaftsphysik\" href=\"http:\/\/www.wirtschaftsphysik.de\/\" target=\"_blank\">Wirtschaftphysik<\/a>. 2005 begann ich mein aktives Berufsleben bei der <a title=\"Daimler AG\" href=\"http:\/\/www.daimler.com\" target=\"_blank\">Daimler AG<\/a> in Sindelfingen.<\/p>\n<p>In meiner Freizeit versuchte ich mich seit der D-Jugend im Fu\u00dfball-Spielen. Zuerst beim <a href=\"http:\/\/wordpress.jochenbold.de\/wp-content\/uploads\/2015\/03\/DSC_0010.jpg\"><img decoding=\"async\" loading=\"lazy\" class=\" wp-image-2796 alignright\" src=\"http:\/\/wordpress.jochenbold.de\/wp-content\/uploads\/2015\/03\/DSC_0010-300x169.jpg\" alt=\"DSC_0010\" height=\"122\" width=\"208\"><\/a><a title=\"SC G\u00f6ggingen\" href=\"http:\/\/www.sc-goeggingen.de\" target=\"_blank\">SC G\u00f6ggingen<\/a> und von 2006&nbsp; bis 2014 f\u00fcr die &nbsp; &nbsp; &nbsp;&nbsp; <a title=\"FV Fortuna B\u00f6blingen\" href=\"http:\/\/www.fortuna-boeblingen.de\" target=\"_blank\">FV Fortuna B\u00f6blingen<\/a>. In der Studienzeit fing ich dann an, das Inline-Fahren zu intensivieren. Nebenbei fand ich noch mehr oder wenige Zeit zum&nbsp; Motorrad-Fahren (seit neuestem eine BMW F700GS), Lesen und Gitrarre spielen, sowie unregelm\u00e4\u00dfig zu den Spielen <a title=\"Schwenninger Wild Wings\" href=\"http:\/\/www.serc.de\" target=\"_blank\">Schwenninger Wild Wings<\/a> zu gehen.<\/p>\n<p>Eine wichtige Rolle spielten auch die Erfahrungen mit Computern aufgrund des Interesse meines Vaters (Atari ST; BTX der Post, dem Vorg\u00e4nger des WWW; der ersten Email-Adresse in meiner Schulklasse; Pentium Computer mit ! 4-fach ! CD-ROM Laufwerk usw.). Daraus entstanden auch mehrere Internetseiten: 2001 bis heute verschiedene eigene Internetauftritte (HTML, PHP, Perl, WordPress, etc.), 2005 der <a title=\"Internetseite 2005 des SC G\u00f6ggingen\" href=\"http:\/\/web.archive.org\/web\/20050209060620\/http:\/\/www.sc-goeggingen.de\/\" target=\"_blank\">Internet-Auftritt<\/a> des SC G\u00f6ggingen mit MySQL-Datenbank sowie ab 2006 der Internet-Auftritt des G\u00f6gginger Bierfestes usw.<\/p>\n<p>Nicht un<a href=\"http:\/\/wordpress.jochenbold.de\/wp-content\/uploads\/2011\/08\/IMG_3880.jpg\"><img decoding=\"async\" loading=\"lazy\" class=\"size-thumbnail wp-image-53 alignright\" title=\"IMG_3880\" src=\"http:\/\/wordpress.jochenbold.de\/wp-content\/uploads\/2011\/08\/IMG_3880-150x150.jpg\" alt=\"\" height=\"150\" width=\"150\"><\/a>erw\u00e4hnt bleiben darf meine gr\u00f6\u00dfte Freizeitbesch\u00e4ftigung, meine Freundin, Partnerin, Lebensgef\u00e4hrtin, bessere H\u00e4lfte und seit 2016 mein Frau Irene <del>Braunschweig<\/del> aus Heudorf. W\u00e4re Sie nicht meistens dabei, w\u00fcrde das Leben nur halb so viel Spa\u00df machen.<\/p>\n","protected":false},"excerpt":{"rendered":"<p>Wer bin ich ? Mein Leben begann Ende Februar 1978 in&nbsp;der Frauenklink der sch\u00f6nen Stadt Ulm an der Donau. Nachdem ich dort meine erste beiden Lebensjahre verbracht hatte, zog ich mit meinen Eltern \u00fcber Sigmaringen zusammen mit meiner Schwester schlie\u00dflich &hellip; <a href=\"https:\/\/wordpress.jochenbold.de\/?page_id=2\">Weiterlesen <span class=\"meta-nav\">&rarr;<\/span><\/a><\/p>\n","protected":false},"author":1,"featured_media":0,"parent":0,"menu_order":0,"comment_status":"open","ping_status":"open","template":"","meta":{"ngg_post_thumbnail":0},"_links":{"self":[{"href":"https:\/\/wordpress.jochenbold.de\/index.php?rest_route=\/wp\/v2\/pages\/2"}],"collection":[{"href":"https:\/\/wordpress.jochenbold.de\/index.php?rest_route=\/wp\/v2\/pages"}],"about":[{"href":"https:\/\/wordpress.jochenbold.de\/index.php?rest_route=\/wp\/v2\/types\/page"}],"author":[{"embeddable":true,"href":"https:\/\/wordpress.jochenbold.de\/index.php?rest_route=\/wp\/v2\/users\/1"}],"replies":[{"embeddable":true,"href":"https:\/\/wordpress.jochenbold.de\/index.php?rest_route=%2Fwp%2Fv2%2Fcomments&post=2"}],"version-history":[{"count":13,"href":"https:\/\/wordpress.jochenbold.de\/index.php?rest_route=\/wp\/v2\/pages\/2\/revisions"}],"predecessor-version":[{"id":5944,"href":"https:\/\/wordpress.jochenbold.de\/index.php?rest_route=\/wp\/v2\/pages\/2\/revisions\/5944"}],"wp:attachment":[{"href":"https:\/\/wordpress.jochenbold.de\/index.php?rest_route=%2Fwp%2Fv2%2Fmedia&parent=2"}],"curies":[{"name":"wp","href":"https:\/\/api.w.org\/{rel}","templated":true}]}}